{"id":134,"date":"2023-06-22T20:53:17","date_gmt":"2023-06-22T20:53:17","guid":{"rendered":"https:\/\/mendozaymiranda.com\/?page_id=134"},"modified":"2023-08-21T01:56:53","modified_gmt":"2023-08-21T01:56:53","slug":"derecho-corporativo-y-ma","status":"publish","type":"page","link":"https:\/\/mendozaymiranda.com\/en\/derecho-corporativo-y-ma\/","title":{"rendered":"Corporate Law and M&amp;A"},"content":{"rendered":"<p>[et_pb_section fb_built=\u00bb1&#8243; admin_label=\u00bbPage Title Section\u00bb _builder_version=\u00bb4.21.0&#8243; use_background_color_gradient=\u00bbon\u00bb background_color_gradient_stops=\u00bb#313e47 0%|rgba(49,62,71,0.5) 100%\u00bb background_color_gradient_overlays_image=\u00bbon\u00bb background_color_gradient_start=\u00bb#313e47&#8243; background_color_gradient_end=\u00bbrgba(49,62,71,0.5)\u00bb background_image=\u00bbhttps:\/\/mendozaymiranda.com\/wp-content\/uploads\/2023\/08\/REALWALL7.jpg\u00bb custom_padding=\u00bb120px||120px|\u00bb global_colors_info=\u00bb{}\u00bb][et_pb_row admin_label=\u00bbPage Title Area\u00bb _builder_version=\u00bb4.16&#8243; background_size=\u00bbinitial\u00bb background_position=\u00bbtop_left\u00bb background_repeat=\u00bbrepeat\u00bb global_colors_info=\u00bb{}\u00bb][et_pb_column type=\u00bb4_4&#8243; _builder_version=\u00bb4.16&#8243; custom_padding=\u00bb|||\u00bb global_colors_info=\u00bb{}\u00bb custom_padding__hover=\u00bb|||\u00bb][et_pb_text admin_label=\u00bbPage Title\u00bb _builder_version=\u00bb4.21.0&#8243; text_font=\u00bbBEBAS NEUE|300|||||||\u00bb text_font_size=\u00bb56px\u00bb text_line_height=\u00bb0.4em\u00bb header_font=\u00bbPrata||||||||\u00bb header_font_size=\u00bb60px\u00bb header_line_height=\u00bb1.6em\u00bb header_2_font=\u00bb||||||||\u00bb text_orientation=\u00bbcenter\u00bb background_layout=\u00bbdark\u00bb max_width=\u00bb700px\u00bb module_alignment=\u00bbcenter\u00bb custom_margin=\u00bb||-4px||false|false\u00bb custom_margin_tablet=\u00bb||-91px||false|false\u00bb custom_margin_phone=\u00bb||-44px||false|false\u00bb custom_margin_last_edited=\u00bbon|desktop\u00bb custom_padding=\u00bb||0px||false|false\u00bb custom_padding_tablet=\u00bb||0px||false|false\u00bb custom_padding_phone=\u00bb||28px||false|false\u00bb custom_padding_last_edited=\u00bbon|phone\u00bb animation_style=\u00bbfade\u00bb hover_enabled=\u00bb0&#8243; text_font_size_tablet=\u00bb56px\u00bb text_font_size_phone=\u00bb27px\u00bb text_font_size_last_edited=\u00bbon|phone\u00bb text_line_height_tablet=\u00bb1.1em\u00bb text_line_height_phone=\u00bb0.9em\u00bb text_line_height_last_edited=\u00bbon|desktop\u00bb header_font_size_tablet=\u00bb40px\u00bb header_font_size_phone=\u00bb\u00bb header_font_size_last_edited=\u00bbon|tablet\u00bb global_colors_info=\u00bb{}\u00bb sticky_enabled=\u00bb0&#8243;]<\/p>\n<p>Derecho Corporativo,<\/p>\n<p>fusiones, escisiones y adquisiciones<\/p>\n<p>&nbsp;<\/p>\n<p>[\/et_pb_text][et_pb_text _builder_version=\u00bb4.21.0&#8243; _module_preset=\u00bbdefault\u00bb text_font=\u00bbHelvetica||||||||\u00bb text_text_color=\u00bb#FFFFFF\u00bb text_font_size=\u00bb17px\u00bb text_orientation=\u00bbcenter\u00bb global_colors_info=\u00bb{}\u00bb]<\/p>\n<p style=\"text-align: justify;\">Nuestra experiencia en consultor\u00eda corporativa nos califica para determinar el tipo de sociedad que el negocio requiere para satisfacer mejor las necesidades del cliente, as\u00ed como la elaboraci\u00f3n de estatutos y todos los documentos necesarios o aconsejables ya sean ordinarios o especiales relacionados a su constituci\u00f3n.<\/p>\n<p>[\/et_pb_text][\/et_pb_column][\/et_pb_row][\/et_pb_section][et_pb_section fb_built=\u00bb1&#8243; admin_label=\u00bbWelcome Section\u00bb _builder_version=\u00bb4.21.0&#8243; background_color=\u00bb#e0dad2&#8243; custom_padding=\u00bb0px||0px|||\u00bb global_colors_info=\u00bb{}\u00bb][et_pb_row admin_label=\u00bbWelcome Area\u00bb _builder_version=\u00bb4.21.0&#8243; custom_padding=\u00bb0px|||||\u00bb global_colors_info=\u00bb{}\u00bb][et_pb_column type=\u00bb4_4&#8243; _builder_version=\u00bb4.16&#8243; custom_padding=\u00bb80px||80px|\u00bb global_colors_info=\u00bb{}\u00bb custom_padding__hover=\u00bb|||\u00bb][et_pb_text _builder_version=\u00bb4.21.0&#8243; _module_preset=\u00bbdefault\u00bb text_font=\u00bbHelvetica||||||||\u00bb text_font_size=\u00bb18px\u00bb animation_style=\u00bbfold\u00bb animation_direction=\u00bbleft\u00bb global_colors_info=\u00bb{}\u00bb]<\/p>\n<p style=\"text-align: justify;\">El objetivo de nuestro asesoramiento es la optimizaci\u00f3n de la estructura societaria corporativa de la empresa que permita una gesti\u00f3n m\u00e1s eficiente y el consiguiente ahorro de costos, asimismo, realizamos el an\u00e1lisis, dise\u00f1o y ejecuci\u00f3n de reestructuraciones societarias encaminadas a la obtenci\u00f3n de beneficios fiscales como desde una perspectiva externa mediante el an\u00e1lisis dise\u00f1o y formalizaci\u00f3n de operaciones de adquisici\u00f3n, fusi\u00f3n,\u00a0 financiaci\u00f3n empresarial, contratos de riesgo compartido, asegurando as\u00ed el \u00e9xito de la empresa que se conforme y brindando una imagen corporativa honesta y responsable en todos los aspectos de la misma, los servicios que ofrecemos son los siguientes:<\/p>\n<p>&nbsp;<\/p>\n<ul>\n<li style=\"text-align: justify;\">Constituci\u00f3n, adquisici\u00f3n, y estructuraci\u00f3n de sociedades.<\/li>\n<li style=\"text-align: justify;\">Modificaci\u00f3n de sociedades<\/li>\n<li style=\"text-align: justify;\">Transformaci\u00f3n de sociedades entre otros.<\/li>\n<li style=\"text-align: justify;\">Constituci\u00f3n de sociedades comerciales, sociedades civiles, fundaciones, asociaciones civiles, federaciones, confederaciones, sindicatos y toda persona jur\u00eddica que se encuentre regulada por la ley boliviana.<\/li>\n<li style=\"text-align: justify;\">Fusiones, Transformaciones, Escisiones y Adquisiciones.<\/li>\n<li style=\"text-align: justify;\">Estrategias de Buen Gobierno Corporativo, reorganizaci\u00f3n de gerencias y directorios.<\/li>\n<li style=\"text-align: justify;\">Nombramiento y destituci\u00f3n de administradores, otorgamiento de poderes e interposici\u00f3n de acciones judiciales por responsabilidad de su cargo.<\/li>\n<li style=\"text-align: justify;\">Apertura de sucursal de sociedad constituida en el extranjero.<\/li>\n<li style=\"text-align: justify;\">Defensa de los intereses y derechos de accionistas y socio.<\/li>\n<li style=\"text-align: justify;\">Disoluci\u00f3n de sociedades.<\/li>\n<li style=\"text-align: justify;\">Asesoramiento a reuni\u00f3n de directorios, juntas y asambleas.<\/li>\n<li style=\"text-align: justify;\">Asesoramiento en conflictos societarios.<\/li>\n<li style=\"text-align: justify;\">Impugnaci\u00f3n de actas de directorios, juntas y asambleas.<\/li>\n<li style=\"text-align: justify;\">Aplicaci\u00f3n de medidas preventivas y sancionadoras para la defensa de la competencia en socios, directores, gerentes y empleados.<\/li>\n<li style=\"text-align: justify;\">Servicio de gesti\u00f3n y ejecuci\u00f3n de negocios y actos jur\u00eddicos espec\u00edficos y temporales, en representaci\u00f3n de gerentes o administradores de sociedades.<\/li>\n<li style=\"text-align: justify;\">Servicio de representaci\u00f3n en directorios, juntas y asambleas, adem\u00e1s de gesti\u00f3n y ejecuci\u00f3n de tareas de sindicatura.<\/li>\n<\/ul>\n<p>[\/et_pb_text][\/et_pb_column][\/et_pb_row][\/et_pb_section]<\/p>\n","protected":false},"excerpt":{"rendered":"<p>Derecho Corporativo, fusiones, escisiones y adquisiciones &nbsp;Nuestra experiencia en consultor\u00eda corporativa nos califica para determinar el tipo de sociedad que el negocio requiere para satisfacer mejor las necesidades del cliente, as\u00ed como la elaboraci\u00f3n de estatutos y todos los documentos necesarios o aconsejables ya sean ordinarios o especiales relacionados a su constituci\u00f3n.El objetivo de nuestro [&hellip;]<\/p>\n","protected":false},"author":1,"featured_media":0,"parent":0,"menu_order":0,"comment_status":"closed","ping_status":"closed","template":"","meta":{"_et_pb_use_builder":"on","_et_pb_old_content":"<!-- wp:divi\/placeholder \/-->","_et_gb_content_width":"","footnotes":""},"class_list":["post-134","page","type-page","status-publish","hentry"],"_links":{"self":[{"href":"https:\/\/mendozaymiranda.com\/en\/wp-json\/wp\/v2\/pages\/134","targetHints":{"allow":["GET"]}}],"collection":[{"href":"https:\/\/mendozaymiranda.com\/en\/wp-json\/wp\/v2\/pages"}],"about":[{"href":"https:\/\/mendozaymiranda.com\/en\/wp-json\/wp\/v2\/types\/page"}],"author":[{"embeddable":true,"href":"https:\/\/mendozaymiranda.com\/en\/wp-json\/wp\/v2\/users\/1"}],"replies":[{"embeddable":true,"href":"https:\/\/mendozaymiranda.com\/en\/wp-json\/wp\/v2\/comments?post=134"}],"version-history":[{"count":18,"href":"https:\/\/mendozaymiranda.com\/en\/wp-json\/wp\/v2\/pages\/134\/revisions"}],"predecessor-version":[{"id":625,"href":"https:\/\/mendozaymiranda.com\/en\/wp-json\/wp\/v2\/pages\/134\/revisions\/625"}],"wp:attachment":[{"href":"https:\/\/mendozaymiranda.com\/en\/wp-json\/wp\/v2\/media?parent=134"}],"curies":[{"name":"wp","href":"https:\/\/api.w.org\/{rel}","templated":true}]}}