{"id":151,"date":"2023-06-22T21:27:47","date_gmt":"2023-06-22T21:27:47","guid":{"rendered":"https:\/\/mendozaymiranda.com\/?page_id=151"},"modified":"2023-10-10T16:07:20","modified_gmt":"2023-10-10T16:07:20","slug":"derecho-inmobiliario","status":"publish","type":"page","link":"https:\/\/mendozaymiranda.com\/en\/derecho-inmobiliario\/","title":{"rendered":"Real Estate Law"},"content":{"rendered":"<p>[et_pb_section fb_built=\u00bb1&#8243; admin_label=\u00bbPage Title Section\u00bb _builder_version=\u00bb4.21.0&#8243; use_background_color_gradient=\u00bbon\u00bb background_color_gradient_stops=\u00bb#313e47 0%|rgba(49,62,71,0.5) 100%\u00bb background_color_gradient_overlays_image=\u00bbon\u00bb background_color_gradient_start=\u00bb#313e47&#8243; background_color_gradient_end=\u00bbrgba(49,62,71,0.5)\u00bb background_image=\u00bbhttps:\/\/mendozaymiranda.com\/wp-content\/uploads\/2023\/08\/WALL8.jpg\u00bb custom_padding=\u00bb120px||29px|||\u00bb global_colors_info=\u00bb{}\u00bb][et_pb_row admin_label=\u00bbPage Title Area\u00bb _builder_version=\u00bb4.16&#8243; background_size=\u00bbinitial\u00bb background_position=\u00bbtop_left\u00bb background_repeat=\u00bbrepeat\u00bb global_colors_info=\u00bb{}\u00bb][et_pb_column type=\u00bb4_4&#8243; _builder_version=\u00bb4.16&#8243; custom_padding=\u00bb|||\u00bb global_colors_info=\u00bb{}\u00bb custom_padding__hover=\u00bb|||\u00bb][et_pb_text admin_label=\u00bbPage Title\u00bb _builder_version=\u00bb4.21.0&#8243; text_font=\u00bbBEBAS NEUE|300|||||||\u00bb text_font_size=\u00bb56px\u00bb text_line_height=\u00bb0.2em\u00bb header_font=\u00bbPrata||||||||\u00bb header_font_size=\u00bb60px\u00bb header_line_height=\u00bb1.6em\u00bb header_2_font=\u00bb||||||||\u00bb text_orientation=\u00bbcenter\u00bb background_layout=\u00bbdark\u00bb max_width=\u00bb700px\u00bb module_alignment=\u00bbcenter\u00bb custom_margin=\u00bb||59px||false|false\u00bb custom_margin_tablet=\u00bb||59px||false|false\u00bb custom_margin_phone=\u00bb||-1px||false|false\u00bb custom_margin_last_edited=\u00bbon|phone\u00bb custom_padding=\u00bb||0px||false|false\u00bb custom_padding_tablet=\u00bb||0px||false|false\u00bb custom_padding_phone=\u00bb||28px||false|false\u00bb custom_padding_last_edited=\u00bbon|phone\u00bb animation_style=\u00bbfade\u00bb hover_enabled=\u00bb0&#8243; text_font_size_tablet=\u00bb56px\u00bb text_font_size_phone=\u00bb27px\u00bb text_font_size_last_edited=\u00bbon|desktop\u00bb header_font_size_tablet=\u00bb40px\u00bb header_font_size_phone=\u00bb\u00bb header_font_size_last_edited=\u00bbon|tablet\u00bb global_colors_info=\u00bb{}\u00bb sticky_enabled=\u00bb0&#8243;]<\/p>\n<p>Derecho Inmobiliario<\/p>\n<p>y patrimonio<\/p>\n<p>[\/et_pb_text][et_pb_text _builder_version=\u00bb4.21.0&#8243; _module_preset=\u00bbdefault\u00bb text_text_color=\u00bb#FFFFFF\u00bb text_font_size=\u00bb17px\u00bb text_orientation=\u00bbcenter\u00bb global_colors_info=\u00bb{}\u00bb]<\/p>\n<p style=\"text-align: justify;\"><span>Realizamos y elaboramos un trabajo enfocado en proteger las transacciones inmobiliarias, resolver disputas y litigios inmobiliarios y cumplir la regulaci\u00f3n boliviana vigente.<\/span><\/p>\n<p>&nbsp;<\/p>\n<p>[\/et_pb_text][\/et_pb_column][\/et_pb_row][\/et_pb_section][et_pb_section fb_built=\u00bb1&#8243; admin_label=\u00bbWelcome Section\u00bb _builder_version=\u00bb4.21.0&#8243; background_color=\u00bb#e0dad2&#8243; custom_padding=\u00bb10px||0px|||\u00bb global_colors_info=\u00bb{}\u00bb][et_pb_row admin_label=\u00bbWelcome Area\u00bb _builder_version=\u00bb4.21.0&#8243; custom_padding=\u00bb0px|||||\u00bb global_colors_info=\u00bb{}\u00bb][et_pb_column type=\u00bb4_4&#8243; _builder_version=\u00bb4.16&#8243; custom_padding=\u00bb80px||80px|\u00bb global_colors_info=\u00bb{}\u00bb custom_padding__hover=\u00bb|||\u00bb][et_pb_text _builder_version=\u00bb4.21.0&#8243; _module_preset=\u00bbdefault\u00bb text_font=\u00bbHelvetica||||||||\u00bb text_font_size=\u00bb18px\u00bb animation_style=\u00bbfold\u00bb animation_direction=\u00bbleft\u00bb global_colors_info=\u00bb{}\u00bb]<\/p>\n<p style=\"text-align: justify;\"><span>Asesoramos y realizamos representaci\u00f3n legal en temas relacionados con bienes ra\u00edces y propiedades en la transacci\u00f3n de inmuebles, as\u00ed tambi\u00e9n contamos con experiencia para resolver disputas en temas de propiedad inmobiliaria y asesoramos a nuestros clientes en cuanto a los procedimientos y requisitos que son exigidos por la legislaci\u00f3n nacional y municipal.<\/span><\/p>\n<p style=\"text-align: justify;\"><span>Entre nuestros servicios se encuentran:<\/span><\/p>\n<p style=\"text-align: justify;\"><span><\/span><\/p>\n<ul>\n<li style=\"text-align: justify;\"><span>Elaboraci\u00f3n y negociaci\u00f3n de contratos inmobiliarios<\/span><\/li>\n<li style=\"text-align: justify;\"><span>Asesoramiento en proyectos urban\u00edsticos, contrataciones y concursos p\u00fablicos y privados.<\/span><\/li>\n<li style=\"text-align: justify;\"><span>Patrocinio en litigios sobre bienes inmuebles, disputas de propiedad, incumplimientos contractuales, desalojos, entre otros.<\/span><\/li>\n<li style=\"text-align: justify;\"><span>Asesoramiento legal a profesionales o empresas de la construcci\u00f3n relacionados con la planificaci\u00f3n, dise\u00f1o y construcci\u00f3n de infraestructuras.<\/span><\/li>\n<\/ul>\n<p>[\/et_pb_text][\/et_pb_column][\/et_pb_row][\/et_pb_section]<\/p>\n","protected":false},"excerpt":{"rendered":"<p>Derecho Inmobiliario y patrimonioRealizamos y elaboramos un trabajo enfocado en proteger las transacciones inmobiliarias, resolver disputas y litigios inmobiliarios y cumplir la regulaci\u00f3n boliviana vigente. &nbsp;Asesoramos y realizamos representaci\u00f3n legal en temas relacionados con bienes ra\u00edces y propiedades en la transacci\u00f3n de inmuebles, as\u00ed tambi\u00e9n contamos con experiencia para resolver disputas en temas de propiedad [&hellip;]<\/p>\n","protected":false},"author":1,"featured_media":0,"parent":0,"menu_order":0,"comment_status":"closed","ping_status":"closed","template":"","meta":{"_et_pb_use_builder":"on","_et_pb_old_content":"<!-- wp:divi\/placeholder \/-->","_et_gb_content_width":"","footnotes":""},"class_list":["post-151","page","type-page","status-publish","hentry"],"_links":{"self":[{"href":"https:\/\/mendozaymiranda.com\/en\/wp-json\/wp\/v2\/pages\/151","targetHints":{"allow":["GET"]}}],"collection":[{"href":"https:\/\/mendozaymiranda.com\/en\/wp-json\/wp\/v2\/pages"}],"about":[{"href":"https:\/\/mendozaymiranda.com\/en\/wp-json\/wp\/v2\/types\/page"}],"author":[{"embeddable":true,"href":"https:\/\/mendozaymiranda.com\/en\/wp-json\/wp\/v2\/users\/1"}],"replies":[{"embeddable":true,"href":"https:\/\/mendozaymiranda.com\/en\/wp-json\/wp\/v2\/comments?post=151"}],"version-history":[{"count":10,"href":"https:\/\/mendozaymiranda.com\/en\/wp-json\/wp\/v2\/pages\/151\/revisions"}],"predecessor-version":[{"id":790,"href":"https:\/\/mendozaymiranda.com\/en\/wp-json\/wp\/v2\/pages\/151\/revisions\/790"}],"wp:attachment":[{"href":"https:\/\/mendozaymiranda.com\/en\/wp-json\/wp\/v2\/media?parent=151"}],"curies":[{"name":"wp","href":"https:\/\/api.w.org\/{rel}","templated":true}]}}