{"id":159,"date":"2023-06-22T21:49:51","date_gmt":"2023-06-22T21:49:51","guid":{"rendered":"https:\/\/mendozaymiranda.com\/?page_id=159"},"modified":"2023-10-10T16:11:49","modified_gmt":"2023-10-10T16:11:49","slug":"derecho-ambiental-y-desarrollo-sostenible","status":"publish","type":"page","link":"https:\/\/mendozaymiranda.com\/en\/derecho-ambiental-y-desarrollo-sostenible\/","title":{"rendered":"Environmental Law and Sustainable Development"},"content":{"rendered":"<p>[et_pb_section fb_built=\u00bb1&#8243; admin_label=\u00bbPage Title Section\u00bb _builder_version=\u00bb4.21.0&#8243; use_background_color_gradient=\u00bbon\u00bb background_color_gradient_stops=\u00bb#313e47 0%|rgba(49,62,71,0.5) 100%\u00bb background_color_gradient_overlays_image=\u00bbon\u00bb background_color_gradient_start=\u00bb#313e47&#8243; background_color_gradient_end=\u00bbrgba(49,62,71,0.5)\u00bb background_image=\u00bbhttps:\/\/mendozaymiranda.com\/wp-content\/uploads\/2023\/08\/WALL10.jpg\u00bb custom_padding=\u00bb90px||2px|||\u00bb global_colors_info=\u00bb{}\u00bb][et_pb_row admin_label=\u00bbPage Title Area\u00bb _builder_version=\u00bb4.16&#8243; background_size=\u00bbinitial\u00bb background_position=\u00bbtop_left\u00bb background_repeat=\u00bbrepeat\u00bb global_colors_info=\u00bb{}\u00bb][et_pb_column type=\u00bb4_4&#8243; _builder_version=\u00bb4.16&#8243; custom_padding=\u00bb|||\u00bb global_colors_info=\u00bb{}\u00bb custom_padding__hover=\u00bb|||\u00bb][et_pb_text admin_label=\u00bbPage Title\u00bb _builder_version=\u00bb4.21.0&#8243; text_font=\u00bbBEBAS NEUE|300|||||||\u00bb text_font_size=\u00bb56px\u00bb text_line_height=\u00bb1.2em\u00bb header_font=\u00bbPrata||||||||\u00bb header_font_size=\u00bb60px\u00bb header_line_height=\u00bb1.6em\u00bb header_2_font=\u00bb||||||||\u00bb text_orientation=\u00bbcenter\u00bb background_layout=\u00bbdark\u00bb max_width=\u00bb700px\u00bb module_alignment=\u00bbcenter\u00bb custom_margin=\u00bb||-95px||false|false\u00bb custom_margin_tablet=\u00bb||-95px||false|false\u00bb custom_margin_phone=\u00bb||-67px||false|false\u00bb custom_margin_last_edited=\u00bbon|desktop\u00bb custom_padding=\u00bb||0px||false|false\u00bb animation_style=\u00bbfade\u00bb hover_enabled=\u00bb0&#8243; text_font_size_tablet=\u00bb56px\u00bb text_font_size_phone=\u00bb27px\u00bb text_font_size_last_edited=\u00bbon|desktop\u00bb text_line_height_tablet=\u00bb1.2em\u00bb text_line_height_phone=\u00bb1.2em\u00bb text_line_height_last_edited=\u00bbon|desktop\u00bb header_font_size_tablet=\u00bb40px\u00bb header_font_size_phone=\u00bb\u00bb header_font_size_last_edited=\u00bbon|tablet\u00bb global_colors_info=\u00bb{}\u00bb sticky_enabled=\u00bb0&#8243;]<\/p>\n<p>Derecho Ambiental, sostenibilidad y Responsabilidad social empresarial<\/p>\n<p>&nbsp;<\/p>\n<p>[\/et_pb_text][et_pb_text _builder_version=\u00bb4.21.0&#8243; _module_preset=\u00bbdefault\u00bb text_text_color=\u00bb#FFFFFF\u00bb text_font_size=\u00bb17px\u00bb text_orientation=\u00bbcenter\u00bb custom_padding_tablet=\u00bb\u00bb custom_padding_phone=\u00bb12px||||false|false\u00bb custom_padding_last_edited=\u00bbon|desktop\u00bb global_colors_info=\u00bb{}\u00bb]<\/p>\n<p style=\"text-align: justify;\"><span>Mendoza &amp; Miranda brinda servicios legales de medio ambiente y desarrollo sostenible asesorando asuntos relacionados con la legislaci\u00f3n medio ambiental y la Responsabilidad Social Corporativa.<\/span><\/p>\n<p>[\/et_pb_text][\/et_pb_column][\/et_pb_row][\/et_pb_section][et_pb_section fb_built=\u00bb1&#8243; admin_label=\u00bbWelcome Section\u00bb _builder_version=\u00bb4.21.0&#8243; background_color=\u00bb#e0dad2&#8243; custom_padding=\u00bb3px||0px|||\u00bb global_colors_info=\u00bb{}\u00bb][et_pb_row admin_label=\u00bbWelcome Area\u00bb _builder_version=\u00bb4.21.0&#8243; custom_padding=\u00bb0px|||||\u00bb global_colors_info=\u00bb{}\u00bb][et_pb_column type=\u00bb4_4&#8243; _builder_version=\u00bb4.16&#8243; custom_padding=\u00bb80px||80px|\u00bb global_colors_info=\u00bb{}\u00bb custom_padding__hover=\u00bb|||\u00bb][et_pb_text _builder_version=\u00bb4.21.0&#8243; _module_preset=\u00bbdefault\u00bb text_font=\u00bbHelvetica||||||||\u00bb text_font_size=\u00bb18px\u00bb animation_style=\u00bbfold\u00bb animation_direction=\u00bbleft\u00bb global_colors_info=\u00bb{}\u00bb]<\/p>\n<p style=\"text-align: justify;\"><span>Asesoramos a empresas, organizaciones y personas particulares en temas sobre la legislaci\u00f3n medio ambiental del Estado boliviano, as\u00ed como en la obtenci\u00f3n de licencias ambientales ante los gobiernos nacional, departamental y municipal.\u00a0 <\/span><\/p>\n<p style=\"text-align: justify;\"><span>Asimismo, brindamos servicios legales relacionados al desarrollo sostenible asesorando temas relacionados a la Responsabilidad Social Corporativa, implicando que las organizaciones consideren los intereses de la sociedad asumiendo responsablemente las repercusiones de sus actividades en relaci\u00f3n con los clientes, empleados, accionistas, comunidades, medio ambiente, entre otros.<\/span><\/p>\n<p style=\"text-align: justify;\"><span>Ayudamos a tener buenas relaciones entre la empresa y la sociedad con el fin de mantener la confianza entre las partes. La tendencia actual est\u00e1 enfocada al desarrollo sostenible que significa satisfacer nuestras necesidades hoy pensando en el futuro.<\/span><\/p>\n<p style=\"text-align: justify;\"><span>Parte de nuestros servicios abarcan:<\/span><\/p>\n<ul>\n<li style=\"text-align: justify;\"><span>Gesti\u00f3n para la obtenci\u00f3n de licencias ambientales.<\/span><\/li>\n<li style=\"text-align: justify;\"><span>Asesoramiento en procedimientos administrativos ambientales.<\/span><\/li>\n<li style=\"text-align: justify;\"><span>Asesoramiento de la legislaci\u00f3n nacional y local medioambiental.<\/span><\/li>\n<li style=\"text-align: justify;\"><span>Realizaci\u00f3n de diagn\u00f3sticos social y ambiental.<\/span><\/li>\n<\/ul>\n<p>[\/et_pb_text][\/et_pb_column][\/et_pb_row][\/et_pb_section]<\/p>\n","protected":false},"excerpt":{"rendered":"<p>Derecho Ambiental, sostenibilidad y Responsabilidad social empresarial &nbsp;Mendoza &amp; Miranda brinda servicios legales de medio ambiente y desarrollo sostenible asesorando asuntos relacionados con la legislaci\u00f3n medio ambiental y la Responsabilidad Social Corporativa.Asesoramos a empresas, organizaciones y personas particulares en temas sobre la legislaci\u00f3n medio ambiental del Estado boliviano, as\u00ed como en la obtenci\u00f3n de licencias [&hellip;]<\/p>\n","protected":false},"author":1,"featured_media":0,"parent":0,"menu_order":0,"comment_status":"closed","ping_status":"closed","template":"","meta":{"_et_pb_use_builder":"on","_et_pb_old_content":"<!-- wp:divi\/placeholder \/-->","_et_gb_content_width":"","footnotes":""},"class_list":["post-159","page","type-page","status-publish","hentry"],"_links":{"self":[{"href":"https:\/\/mendozaymiranda.com\/en\/wp-json\/wp\/v2\/pages\/159","targetHints":{"allow":["GET"]}}],"collection":[{"href":"https:\/\/mendozaymiranda.com\/en\/wp-json\/wp\/v2\/pages"}],"about":[{"href":"https:\/\/mendozaymiranda.com\/en\/wp-json\/wp\/v2\/types\/page"}],"author":[{"embeddable":true,"href":"https:\/\/mendozaymiranda.com\/en\/wp-json\/wp\/v2\/users\/1"}],"replies":[{"embeddable":true,"href":"https:\/\/mendozaymiranda.com\/en\/wp-json\/wp\/v2\/comments?post=159"}],"version-history":[{"count":11,"href":"https:\/\/mendozaymiranda.com\/en\/wp-json\/wp\/v2\/pages\/159\/revisions"}],"predecessor-version":[{"id":791,"href":"https:\/\/mendozaymiranda.com\/en\/wp-json\/wp\/v2\/pages\/159\/revisions\/791"}],"wp:attachment":[{"href":"https:\/\/mendozaymiranda.com\/en\/wp-json\/wp\/v2\/media?parent=159"}],"curies":[{"name":"wp","href":"https:\/\/api.w.org\/{rel}","templated":true}]}}