{"id":171,"date":"2023-06-22T22:04:15","date_gmt":"2023-06-22T22:04:15","guid":{"rendered":"https:\/\/mendozaymiranda.com\/?page_id=171"},"modified":"2025-06-06T20:46:31","modified_gmt":"2025-06-06T20:46:31","slug":"emprendedurismo-startups-y-nuevas-tecnologias","status":"publish","type":"page","link":"https:\/\/mendozaymiranda.com\/en\/emprendedurismo-startups-y-nuevas-tecnologias\/","title":{"rendered":"Entrepreneurship, Startups and new technologies"},"content":{"rendered":"<p>[et_pb_section fb_built=\u00bb1&#8243; admin_label=\u00bbPage Title Section\u00bb _builder_version=\u00bb4.21.0&#8243; use_background_color_gradient=\u00bbon\u00bb background_color_gradient_stops=\u00bb#313e47 0%|rgba(49,62,71,0.5) 100%\u00bb background_color_gradient_overlays_image=\u00bbon\u00bb background_color_gradient_start=\u00bb#313e47&#8243; background_color_gradient_end=\u00bbrgba(49,62,71,0.5)\u00bb background_image=\u00bbhttps:\/\/mendozaymiranda.com\/wp-content\/uploads\/2023\/06\/4.jpg\u00bb custom_padding=\u00bb120px||120px|\u00bb global_colors_info=\u00bb{}\u00bb][et_pb_row admin_label=\u00bbPage Title Area\u00bb _builder_version=\u00bb4.16&#8243; background_size=\u00bbinitial\u00bb background_position=\u00bbtop_left\u00bb background_repeat=\u00bbrepeat\u00bb global_colors_info=\u00bb{}\u00bb][et_pb_column type=\u00bb4_4&#8243; _builder_version=\u00bb4.16&#8243; custom_padding=\u00bb|||\u00bb global_colors_info=\u00bb{}\u00bb custom_padding__hover=\u00bb|||\u00bb][et_pb_text admin_label=\u00bbPage Title\u00bb _builder_version=\u00bb4.27.4&#8243; text_font=\u00bbBEBAS NEUE|300|||||||\u00bb text_font_size=\u00bb56px\u00bb text_line_height=\u00bb1.2em\u00bb header_font=\u00bbPrata||||||||\u00bb header_font_size=\u00bb60px\u00bb header_line_height=\u00bb1.6em\u00bb header_2_font=\u00bb||||||||\u00bb text_orientation=\u00bbcenter\u00bb background_layout=\u00bbdark\u00bb max_width=\u00bb700px\u00bb module_alignment=\u00bbcenter\u00bb custom_margin=\u00bb||-95px||false|false\u00bb custom_padding=\u00bb||0px||false|false\u00bb custom_padding_tablet=\u00bb||0px||false|false\u00bb custom_padding_phone=\u00bb||43px||false|false\u00bb custom_padding_last_edited=\u00bbon|phone\u00bb animation_style=\u00bbfade\u00bb hover_enabled=\u00bb0&#8243; text_font_size_tablet=\u00bb56px\u00bb text_font_size_phone=\u00bb27px\u00bb text_font_size_last_edited=\u00bbon|tablet\u00bb header_font_size_tablet=\u00bb40px\u00bb header_font_size_phone=\u00bb\u00bb header_font_size_last_edited=\u00bbon|tablet\u00bb global_colors_info=\u00bb{}\u00bb sticky_enabled=\u00bb0&#8243;]<\/p>\n<p>Emprendedurismo, Startups, Fintech y nuevas tecnolog\u00edas<\/p>\n<p>&nbsp;<\/p>\n<p>[\/et_pb_text][et_pb_text _builder_version=\u00bb4.21.0&#8243; _module_preset=\u00bbdefault\u00bb text_text_color=\u00bb#FFFFFF\u00bb text_font_size=\u00bb17px\u00bb text_orientation=\u00bbcenter\u00bb global_colors_info=\u00bb{}\u00bb]<\/p>\n<p style=\"text-align: justify;\">El Estudio legal brinda un asesoramiento legal a los emprendedores creativos que quieren desarrollar sus propios proyectos basados en tecnolog\u00eda dejando huella y\u00a0 marca personal en el mercado.<\/p>\n<p>[\/et_pb_text][\/et_pb_column][\/et_pb_row][\/et_pb_section][et_pb_section fb_built=\u00bb1&#8243; admin_label=\u00bbWelcome Section\u00bb _builder_version=\u00bb4.21.0&#8243; background_color=\u00bb#e0dad2&#8243; custom_padding=\u00bb2px||0px|||\u00bb global_colors_info=\u00bb{}\u00bb][et_pb_row admin_label=\u00bbWelcome Area\u00bb _builder_version=\u00bb4.21.0&#8243; custom_padding=\u00bb0px|||||\u00bb global_colors_info=\u00bb{}\u00bb][et_pb_column type=\u00bb4_4&#8243; _builder_version=\u00bb4.16&#8243; custom_padding=\u00bb80px||80px|\u00bb global_colors_info=\u00bb{}\u00bb custom_padding__hover=\u00bb|||\u00bb][et_pb_text _builder_version=\u00bb4.21.0&#8243; _module_preset=\u00bbdefault\u00bb text_font=\u00bbHelvetica||||||||\u00bb text_font_size=\u00bb18px\u00bb animation_style=\u00bbfold\u00bb animation_direction=\u00bbleft\u00bb global_colors_info=\u00bb{}\u00bb]<\/p>\n<p style=\"text-align: justify;\">El desarrollo de las nuevas tecnolog\u00edas que a menudo complementan las plataformas existentes, los emprendedores y empresas con visi\u00f3n de futuro pueden aprovechar estas oportunidades estrat\u00e9gicas en el mercado. El aumento de la adopci\u00f3n por primera vez en la empresa en torno a la Internet de los objetos se produce despu\u00e9s de un per\u00edodo en el que los consumidores han estado impulsando gran parte del cambio tecnol\u00f3gico, por lo que las organizaciones tienen que reaccionar ante ello y deben contar con un asesoramiento legal para lograr sus objetivos.<\/p>\n<p style=\"text-align: justify;\">Cada vez m\u00e1s, las operaciones tienen un enfoque global, mientras que las fusiones y adquisiciones siguen siendo una fuerza motriz clave dentro del sector. Nuestros abogados cuentan con conocimiento legal nacional como internacional y aportan dicho conocimiento generando valor real en el proceso. Adem\u00e1s, nuestro enfoque de colaboraci\u00f3n, podemos ayudarle a seguir siendo rentable en lo que sigue siendo una industria en r\u00e1pida evoluci\u00f3n, pasando por un an\u00e1lisis del modelo de negocio, registro de la sociedad, obtenci\u00f3n de autorizaciones correspondientes, elaboraci\u00f3n de contratos, instancias requeridas para llevar adelante una startup.<\/p>\n<p style=\"text-align: justify;\"><strong>\u00a0<\/strong><\/p>\n<p>[\/et_pb_text][\/et_pb_column][\/et_pb_row][\/et_pb_section]<\/p>\n","protected":false},"excerpt":{"rendered":"<p>Emprendedurismo, Startups, Fintech y nuevas tecnolog\u00edas &nbsp;El Estudio legal brinda un asesoramiento legal a los emprendedores creativos que quieren desarrollar sus propios proyectos basados en tecnolog\u00eda dejando huella y\u00a0 marca personal en el mercado.El desarrollo de las nuevas tecnolog\u00edas que a menudo complementan las plataformas existentes, los emprendedores y empresas con visi\u00f3n de futuro pueden [&hellip;]<\/p>\n","protected":false},"author":1,"featured_media":0,"parent":0,"menu_order":0,"comment_status":"closed","ping_status":"closed","template":"","meta":{"_et_pb_use_builder":"on","_et_pb_old_content":"<!-- wp:divi\/placeholder \/-->","_et_gb_content_width":"","footnotes":""},"class_list":["post-171","page","type-page","status-publish","hentry"],"_links":{"self":[{"href":"https:\/\/mendozaymiranda.com\/en\/wp-json\/wp\/v2\/pages\/171","targetHints":{"allow":["GET"]}}],"collection":[{"href":"https:\/\/mendozaymiranda.com\/en\/wp-json\/wp\/v2\/pages"}],"about":[{"href":"https:\/\/mendozaymiranda.com\/en\/wp-json\/wp\/v2\/types\/page"}],"author":[{"embeddable":true,"href":"https:\/\/mendozaymiranda.com\/en\/wp-json\/wp\/v2\/users\/1"}],"replies":[{"embeddable":true,"href":"https:\/\/mendozaymiranda.com\/en\/wp-json\/wp\/v2\/comments?post=171"}],"version-history":[{"count":9,"href":"https:\/\/mendozaymiranda.com\/en\/wp-json\/wp\/v2\/pages\/171\/revisions"}],"predecessor-version":[{"id":957,"href":"https:\/\/mendozaymiranda.com\/en\/wp-json\/wp\/v2\/pages\/171\/revisions\/957"}],"wp:attachment":[{"href":"https:\/\/mendozaymiranda.com\/en\/wp-json\/wp\/v2\/media?parent=171"}],"curies":[{"name":"wp","href":"https:\/\/api.w.org\/{rel}","templated":true}]}}