{"id":361,"date":"2023-07-19T06:54:43","date_gmt":"2023-07-19T06:54:43","guid":{"rendered":"https:\/\/mendozaymiranda.com\/?page_id=361"},"modified":"2023-08-20T22:31:46","modified_gmt":"2023-08-20T22:31:46","slug":"banca-y-mercado-de-capitales","status":"publish","type":"page","link":"https:\/\/mendozaymiranda.com\/en\/banca-y-mercado-de-capitales\/","title":{"rendered":"Banking and Capital Markets"},"content":{"rendered":"<p>[et_pb_section fb_built=\u00bb1&#8243; admin_label=\u00bbPage Title Section\u00bb _builder_version=\u00bb4.21.0&#8243; use_background_color_gradient=\u00bbon\u00bb background_color_gradient_stops=\u00bb#313e47 0%|rgba(49,62,71,0.5) 100%\u00bb background_color_gradient_overlays_image=\u00bbon\u00bb background_color_gradient_start=\u00bb#313e47&#8243; background_color_gradient_end=\u00bbrgba(49,62,71,0.5)\u00bb background_image=\u00bbhttps:\/\/mendozaymiranda.com\/wp-content\/uploads\/2023\/08\/8.jpg\u00bb custom_padding=\u00bb120px||120px|\u00bb global_colors_info=\u00bb{}\u00bb][et_pb_row admin_label=\u00bbPage Title Area\u00bb _builder_version=\u00bb4.16&#8243; background_size=\u00bbinitial\u00bb background_position=\u00bbtop_left\u00bb background_repeat=\u00bbrepeat\u00bb global_colors_info=\u00bb{}\u00bb][et_pb_column type=\u00bb4_4&#8243; _builder_version=\u00bb4.16&#8243; custom_padding=\u00bb|||\u00bb global_colors_info=\u00bb{}\u00bb custom_padding__hover=\u00bb|||\u00bb][et_pb_text admin_label=\u00bbPage Title\u00bb _builder_version=\u00bb4.21.0&#8243; text_font=\u00bbBEBAS NEUE||||||||\u00bb text_font_size=\u00bb67px\u00bb text_line_height=\u00bb2em\u00bb header_font=\u00bbPrata||||||||\u00bb header_font_size=\u00bb60px\u00bb header_line_height=\u00bb1.6em\u00bb header_2_font=\u00bb||||||||\u00bb text_orientation=\u00bbcenter\u00bb background_layout=\u00bbdark\u00bb max_width=\u00bb700px\u00bb module_alignment=\u00bbcenter\u00bb custom_margin=\u00bb||-197px||false|false\u00bb custom_margin_tablet=\u00bb||-197px||false|false\u00bb custom_margin_phone=\u00bb||-49px||false|false\u00bb custom_margin_last_edited=\u00bbon|desktop\u00bb custom_padding=\u00bb||0px||false|false\u00bb animation_style=\u00bbfade\u00bb hover_enabled=\u00bb0&#8243; text_font_size_tablet=\u00bb67px\u00bb text_font_size_phone=\u00bb27px\u00bb text_font_size_last_edited=\u00bbon|phone\u00bb text_line_height_tablet=\u00bb2em\u00bb text_line_height_phone=\u00bb1.3em\u00bb text_line_height_last_edited=\u00bbon|desktop\u00bb header_font_size_tablet=\u00bb40px\u00bb header_font_size_phone=\u00bb\u00bb header_font_size_last_edited=\u00bbon|tablet\u00bb global_colors_info=\u00bb{}\u00bb sticky_enabled=\u00bb0&#8243;]<\/p>\n<p>BANCA Y MERCADO DE CAPITALES<\/p>\n<p>&nbsp;<\/p>\n<p>[\/et_pb_text][et_pb_text _builder_version=\u00bb4.21.0&#8243; _module_preset=\u00bbdefault\u00bb text_text_color=\u00bb#FFFFFF\u00bb text_font_size=\u00bb17px\u00bb text_orientation=\u00bbcenter\u00bb custom_margin=\u00bb-1px|||||\u00bb global_colors_info=\u00bb{}\u00bb]<\/p>\n<p style=\"text-align: justify;\"><span>Ofrecemos un servicio de asesoramiento legal en banca y mercado de capitales orientado a personas naturales, empresas y otras entidades en cuestiones relacionadas con transacciones financieras, regulaciones bancarias, mercados de valores, inversiones y su cumplimiento normativo.<\/span><\/p>\n<p>[\/et_pb_text][\/et_pb_column][\/et_pb_row][\/et_pb_section][et_pb_section fb_built=\u00bb1&#8243; admin_label=\u00bbWelcome Section\u00bb _builder_version=\u00bb4.21.0&#8243; background_color=\u00bb#e0dad2&#8243; custom_padding=\u00bb3px||0px|||\u00bb global_colors_info=\u00bb{}\u00bb][et_pb_row admin_label=\u00bbWelcome Area\u00bb _builder_version=\u00bb4.21.0&#8243; custom_padding=\u00bb0px|||||\u00bb global_colors_info=\u00bb{}\u00bb][et_pb_column type=\u00bb4_4&#8243; _builder_version=\u00bb4.16&#8243; custom_padding=\u00bb80px||80px|\u00bb global_colors_info=\u00bb{}\u00bb custom_padding__hover=\u00bb|||\u00bb][et_pb_text _builder_version=\u00bb4.21.0&#8243; _module_preset=\u00bbdefault\u00bb text_font=\u00bbHelvetica||||||||\u00bb text_font_size=\u00bb18px\u00bb animation_style=\u00bbfold\u00bb animation_direction=\u00bbleft\u00bb hover_enabled=\u00bb0&#8243; global_colors_info=\u00bb{}\u00bb sticky_enabled=\u00bb0&#8243;]<\/p>\n<p style=\"text-align: justify;\"><span>\u00a0Nuestro servicio se basa en:<\/span><\/p>\n<p style=\"text-align: justify;\"><span><\/span><\/p>\n<ul>\n<li style=\"text-align: justify;\"><span>An\u00e1lisis de riesgos legales y cumplimiento normativo asociados con las actividades financieras y de inversi\u00f3n del cliente.<\/span><\/li>\n<li style=\"text-align: justify;\"><span>Desarrollo de estrategias legales para ayudar al cliente a alcanzar sus objetivos financieros, incluyendo la estructuraci\u00f3n de transacciones y la mitigaci\u00f3n de riesgos.<\/span><\/li>\n<li style=\"text-align: justify;\"><span>Asesoramiento sobre regulaciones y normativas aplicables en banca y mercado de capitales.<\/span><\/li>\n<li style=\"text-align: justify;\"><span>Preparaci\u00f3n y presentaci\u00f3n de solicitudes, registros y documentaci\u00f3n requerida por las autoridades regulatorias.<\/span><\/li>\n<li style=\"text-align: justify;\"><span>Revisi\u00f3n, redacci\u00f3n y negociaci\u00f3n de contratos financieros, acuerdos de pr\u00e9stamo, contratos de inversi\u00f3n y otros documentos legales pertinentes.<\/span><\/li>\n<li style=\"text-align: justify;\"><span>Asesoramiento en fusiones y adquisiciones, financiamiento de proyectos, emisiones de valores y otras transacciones financieras.<\/span><\/li>\n<li style=\"text-align: justify;\"><span>Representaci\u00f3n legal en casos de litigios o disputas relacionadas con banca y mercado de capitales.<\/span><span><\/span><\/li>\n<\/ul>\n<p>[\/et_pb_text][\/et_pb_column][\/et_pb_row][\/et_pb_section]<\/p>\n","protected":false},"excerpt":{"rendered":"<p>BANCA Y MERCADO DE CAPITALES &nbsp;Ofrecemos un servicio de asesoramiento legal en banca y mercado de capitales orientado a personas naturales, empresas y otras entidades en cuestiones relacionadas con transacciones financieras, regulaciones bancarias, mercados de valores, inversiones y su cumplimiento normativo.\u00a0Nuestro servicio se basa en: An\u00e1lisis de riesgos legales y cumplimiento normativo asociados con las [&hellip;]<\/p>\n","protected":false},"author":1,"featured_media":0,"parent":0,"menu_order":0,"comment_status":"closed","ping_status":"closed","template":"","meta":{"_et_pb_use_builder":"on","_et_pb_old_content":"<!-- wp:divi\/placeholder \/-->","_et_gb_content_width":"","footnotes":""},"class_list":["post-361","page","type-page","status-publish","hentry"],"_links":{"self":[{"href":"https:\/\/mendozaymiranda.com\/en\/wp-json\/wp\/v2\/pages\/361","targetHints":{"allow":["GET"]}}],"collection":[{"href":"https:\/\/mendozaymiranda.com\/en\/wp-json\/wp\/v2\/pages"}],"about":[{"href":"https:\/\/mendozaymiranda.com\/en\/wp-json\/wp\/v2\/types\/page"}],"author":[{"embeddable":true,"href":"https:\/\/mendozaymiranda.com\/en\/wp-json\/wp\/v2\/users\/1"}],"replies":[{"embeddable":true,"href":"https:\/\/mendozaymiranda.com\/en\/wp-json\/wp\/v2\/comments?post=361"}],"version-history":[{"count":11,"href":"https:\/\/mendozaymiranda.com\/en\/wp-json\/wp\/v2\/pages\/361\/revisions"}],"predecessor-version":[{"id":599,"href":"https:\/\/mendozaymiranda.com\/en\/wp-json\/wp\/v2\/pages\/361\/revisions\/599"}],"wp:attachment":[{"href":"https:\/\/mendozaymiranda.com\/en\/wp-json\/wp\/v2\/media?parent=361"}],"curies":[{"name":"wp","href":"https:\/\/api.w.org\/{rel}","templated":true}]}}