{"id":42,"date":"2023-06-12T22:03:33","date_gmt":"2023-06-12T22:03:33","guid":{"rendered":"https:\/\/mendozaymiranda.com\/?page_id=42"},"modified":"2025-06-06T19:59:27","modified_gmt":"2025-06-06T19:59:27","slug":"nosotros","status":"publish","type":"page","link":"https:\/\/mendozaymiranda.com\/en\/nosotros\/","title":{"rendered":"Us"},"content":{"rendered":"<p>[et_pb_section fb_built=\u00bb1&#8243; admin_label=\u00bbPage Title Section\u00bb _builder_version=\u00bb4.21.0&#8243; use_background_color_gradient=\u00bbon\u00bb background_color_gradient_stops=\u00bb#313e47 0%|rgba(49,62,71,0.5) 72%\u00bb background_color_gradient_overlays_image=\u00bbon\u00bb background_color_gradient_start=\u00bb#313e47&#8243; background_color_gradient_end=\u00bbrgba(49,62,71,0.5)\u00bb background_image=\u00bbhttps:\/\/mendozaymiranda.com\/wp-content\/uploads\/2023\/07\/WALL4.jpg\u00bb background_position=\u00bbcenter_left\u00bb custom_padding=\u00bb120px||120px|\u00bb global_colors_info=\u00bb{}\u00bb][et_pb_row admin_label=\u00bbPage Title Area\u00bb _builder_version=\u00bb4.16&#8243; background_size=\u00bbinitial\u00bb background_position=\u00bbtop_left\u00bb background_repeat=\u00bbrepeat\u00bb global_colors_info=\u00bb{}\u00bb][et_pb_column type=\u00bb4_4&#8243; _builder_version=\u00bb4.16&#8243; custom_padding=\u00bb|||\u00bb global_colors_info=\u00bb{}\u00bb custom_padding__hover=\u00bb|||\u00bb][et_pb_text admin_label=\u00bbPage Title\u00bb _builder_version=\u00bb4.21.0&#8243; text_font=\u00bbBEBAS NEUE||||||||\u00bb text_font_size=\u00bb63px\u00bb text_line_height=\u00bb2em\u00bb header_font=\u00bbPrata||||||||\u00bb header_font_size=\u00bb60px\u00bb header_line_height=\u00bb1.6em\u00bb header_2_font=\u00bb||||||||\u00bb text_orientation=\u00bbcenter\u00bb background_layout=\u00bbdark\u00bb max_width=\u00bb700px\u00bb module_alignment=\u00bbcenter\u00bb custom_margin=\u00bb|||\u00bb animation_style=\u00bbfade\u00bb header_font_size_tablet=\u00bb40px\u00bb header_font_size_phone=\u00bb\u00bb header_font_size_last_edited=\u00bbon|tablet\u00bb global_colors_info=\u00bb{}\u00bb]<\/p>\n<p>Acerca de Nosotros<\/p>\n<p>[\/et_pb_text][\/et_pb_column][\/et_pb_row][\/et_pb_section][et_pb_section fb_built=\u00bb1&#8243; admin_label=\u00bbWelcome Section\u00bb _builder_version=\u00bb4.16&#8243; custom_padding=\u00bb90px||0px|||\u00bb global_colors_info=\u00bb{}\u00bb][et_pb_row _builder_version=\u00bb4.21.0&#8243; _module_preset=\u00bbdefault\u00bb global_colors_info=\u00bb{}\u00bb][et_pb_column type=\u00bb4_4&#8243; _builder_version=\u00bb4.21.0&#8243; _module_preset=\u00bbdefault\u00bb global_colors_info=\u00bb{}\u00bb][et_pb_image src=\u00bbhttps:\/\/mendozaymiranda.com\/wp-content\/uploads\/2023\/08\/2group.jpg\u00bb title_text=\u00bb2group\u00bb align=\u00bbcenter\u00bb _builder_version=\u00bb4.21.0&#8243; _module_preset=\u00bbdefault\u00bb width=\u00bb92%\u00bb width_tablet=\u00bb92%\u00bb width_phone=\u00bb100%\u00bb width_last_edited=\u00bbon|phone\u00bb custom_margin=\u00bb||80px|||\u00bb global_colors_info=\u00bb{}\u00bb][\/et_pb_image][et_pb_image src=\u00bbhttps:\/\/mendozaymiranda.com\/wp-content\/uploads\/2023\/07\/LOGOBLUE.png\u00bb title_text=\u00bbLOGOBLUE\u00bb align=\u00bbcenter\u00bb _builder_version=\u00bb4.21.0&#8243; _module_preset=\u00bbdefault\u00bb width=\u00bb62%\u00bb custom_margin=\u00bb||64px|||\u00bb animation_style=\u00bbslide\u00bb global_colors_info=\u00bb{}\u00bb][\/et_pb_image][et_pb_text _builder_version=\u00bb4.21.0&#8243; _module_preset=\u00bbdefault\u00bb text_font=\u00bbHelvetica||||||||\u00bb text_font_size=\u00bb15px\u00bb global_colors_info=\u00bb{}\u00bb]<\/p>\n<p style=\"text-align: justify;\"><span>El Estudio Corporativo Mendoza &amp; Miranda, fundado el a\u00f1o 1935 por el Dr. Abigail Mendoza Valverde, reconocido jurisconsulto y ex Ministro de la Excelent\u00edsima Corte Suprema de Justicia de la Naci\u00f3n, ha mantenido su vocaci\u00f3n hacia el estudio, asesoramiento y gesti\u00f3n en el campo de las ciencias jur\u00eddicas.<\/span><\/p>\n<p style=\"text-align: justify;\"><span>El Estudio proporciona servicios legales de alta calidad y de forma personalizada hacia nuestros clientes, con un enfoque en la excelencia, la integridad y el compromiso con la justicia en el \u00e1mbito corporativo empresarial. Nos esforzamos por ser un socio de confianza con nuestros clientes, ayud\u00e1ndoles a resolver problemas legales y corporativos complejos y a alcanzar sus objetivos institucionales y comerciales.<\/span><\/p>\n<p style=\"text-align: justify;\"><span>Asimismo, el Estudio tiende a destacarse por su excelencia en la pr\u00e1ctica legal, su compromiso con la \u00e9tica y la integridad, y su enfoque en la satisfacci\u00f3n del cliente. Mendoza &amp; Miranda se esfuerza por ser reconocido por la capacidad para encontrar soluciones innovadoras y efectivas a los problemas legales; adem\u00e1s del compromiso con la justicia y la responsabilidad social.<\/span><\/p>\n<p style=\"text-align: justify;\">En la actualidad, la firma brinda sus servicios en la ciudad de La Paz, como sede, hacia todo el territorio nacional, con la oficina en el piso 7 del Edificio Barrosquira, en el centro de la ciudad, ofrece sus servicios al p\u00fablico, con la mayor eficiencia, puntualidad y responsabilidad.<\/p>\n<p>[\/et_pb_text][\/et_pb_column][\/et_pb_row][\/et_pb_section][et_pb_section fb_built=\u00bb1&#8243; admin_label=\u00bbTeam Section\u00bb _builder_version=\u00bb4.16&#8243; custom_margin=\u00bb||100px|\u00bb custom_padding=\u00bb58px||6px|||\u00bb global_colors_info=\u00bb{}\u00bb][et_pb_row _builder_version=\u00bb4.21.0&#8243; _module_preset=\u00bbdefault\u00bb global_colors_info=\u00bb{}\u00bb][et_pb_column type=\u00bb4_4&#8243; _builder_version=\u00bb4.21.0&#8243; _module_preset=\u00bbdefault\u00bb global_colors_info=\u00bb{}\u00bb][et_pb_text _builder_version=\u00bb4.21.0&#8243; _module_preset=\u00bbdefault\u00bb text_font=\u00bbBEBAS NEUE||||||||\u00bb text_text_color=\u00bb#1a213a\u00bb text_font_size=\u00bb78px\u00bb text_orientation=\u00bbcenter\u00bb custom_padding=\u00bb||65px|||\u00bb text_font_size_tablet=\u00bb59px\u00bb text_font_size_phone=\u00bb42px\u00bb text_font_size_last_edited=\u00bbon|phone\u00bb text_line_height_tablet=\u00bb\u00bb text_line_height_phone=\u00bb1.2em\u00bb text_line_height_last_edited=\u00bbon|phone\u00bb global_colors_info=\u00bb{}\u00bb]<\/p>\n<p>Nuestro Equipo:<\/p>\n<p>[\/et_pb_text][et_pb_text _builder_version=\u00bb4.27.4&#8243; _module_preset=\u00bbdefault\u00bb text_font=\u00bbBEBAS NEUE||||||||\u00bb text_text_color=\u00bb#1a213a\u00bb text_font_size=\u00bb59px\u00bb text_orientation=\u00bbcenter\u00bb text_font_size_tablet=\u00bb59px\u00bb text_font_size_phone=\u00bb42px\u00bb text_font_size_last_edited=\u00bbon|phone\u00bb text_line_height_tablet=\u00bb\u00bb text_line_height_phone=\u00bb1.2em\u00bb text_line_height_last_edited=\u00bbon|phone\u00bb global_colors_info=\u00bb{}\u00bb]<\/p>\n<p>Socio<\/p>\n<p>[\/et_pb_text][\/et_pb_column][\/et_pb_row][et_pb_row column_structure=\u00bb1_3,1_3,1_3&#8243; admin_label=\u00bbTeam Area\u00bb _builder_version=\u00bb4.21.0&#8243; custom_margin_tablet=\u00bb|||255px|false|false\u00bb custom_margin_phone=\u00bb|||40px|false|false\u00bb custom_margin_last_edited=\u00bbon|tablet\u00bb global_colors_info=\u00bb{}\u00bb][et_pb_column type=\u00bb1_3&#8243; _builder_version=\u00bb4.16&#8243; custom_padding=\u00bb|||\u00bb global_colors_info=\u00bb{}\u00bb custom_padding__hover=\u00bb|||\u00bb][\/et_pb_column][et_pb_column type=\u00bb1_3&#8243; _builder_version=\u00bb4.16&#8243; custom_padding=\u00bb|||\u00bb global_colors_info=\u00bb{}\u00bb custom_padding__hover=\u00bb|||\u00bb][et_pb_team_member name=\u00bbFernando Miranda Mendoza PhD\u00bb position=\u00bbSocio Director \u00bb image_url=\u00bbhttps:\/\/mendozaymiranda.com\/wp-content\/uploads\/2023\/07\/7.jpg\u00bb facebook_url=\u00bb#\u00bb linkedin_url=\u00bbhttps:\/\/www.linkedin.com\/in\/fernando-eduardo-miranda-mendoza-phd-18942465\/\u00bb icon_color=\u00bb#747d88&#8243; _builder_version=\u00bb4.27.4&#8243; header_font=\u00bbHelvetica|600|||||||\u00bb header_line_height=\u00bb1.5em\u00bb body_font=\u00bbHelvetica|600|||||||\u00bb body_text_align=\u00bbleft\u00bb animation_style=\u00bbfade\u00bb link_option_url=\u00bbhttps:\/\/mendozaymiranda.com\/fernando-miranda\/\u00bb global_colors_info=\u00bb{}\u00bb][\/et_pb_team_member][\/et_pb_column][et_pb_column type=\u00bb1_3&#8243; _builder_version=\u00bb4.16&#8243; custom_padding=\u00bb|||\u00bb global_colors_info=\u00bb{}\u00bb custom_padding__hover=\u00bb|||\u00bb][\/et_pb_column][\/et_pb_row][et_pb_row _builder_version=\u00bb4.21.0&#8243; _module_preset=\u00bbdefault\u00bb global_colors_info=\u00bb{}\u00bb][et_pb_column type=\u00bb4_4&#8243; _builder_version=\u00bb4.21.0&#8243; _module_preset=\u00bbdefault\u00bb global_colors_info=\u00bb{}\u00bb][et_pb_text _builder_version=\u00bb4.27.4&#8243; _module_preset=\u00bbdefault\u00bb text_font=\u00bbBEBAS NEUE||||||||\u00bb text_text_color=\u00bb#1a213a\u00bb text_font_size=\u00bb59px\u00bb text_orientation=\u00bbcenter\u00bb text_font_size_tablet=\u00bb59px\u00bb text_font_size_phone=\u00bb42px\u00bb text_font_size_last_edited=\u00bbon|phone\u00bb text_line_height_tablet=\u00bb\u00bb text_line_height_phone=\u00bb1.2em\u00bb text_line_height_last_edited=\u00bbon|phone\u00bb global_colors_info=\u00bb{}\u00bb]<\/p>\n<p>Asociados<\/p>\n<p>[\/et_pb_text][\/et_pb_column][\/et_pb_row][et_pb_row column_structure=\u00bb1_2,1_2&#8243; admin_label=\u00bbTeam Area\u00bb _builder_version=\u00bb4.27.4&#8243; global_colors_info=\u00bb{}\u00bb][et_pb_column type=\u00bb1_2&#8243; _builder_version=\u00bb4.27.4&#8243; custom_padding=\u00bb|||139px|false|false\u00bb custom_padding_tablet=\u00bb|||139px|false|false\u00bb custom_padding_phone=\u00bb|||1px|false|false\u00bb custom_padding_last_edited=\u00bbon|phone\u00bb global_colors_info=\u00bb{}\u00bb custom_padding__hover=\u00bb|||\u00bb][et_pb_team_member name=\u00bbRen\u00e9 Loayza Altamirano\u00bb position=\u00bbAsociado\u00bb image_url=\u00bbhttps:\/\/mendozaymiranda.com\/wp-content\/uploads\/2023\/07\/5.jpg\u00bb _builder_version=\u00bb4.27.4&#8243; locked=\u00bboff\u00bb global_colors_info=\u00bb{}\u00bb][\/et_pb_team_member][\/et_pb_column][et_pb_column type=\u00bb1_2&#8243; _builder_version=\u00bb4.27.4&#8243; custom_padding=\u00bb|||\u00bb custom_padding_tablet=\u00bb|||138px|false|false\u00bb custom_padding_phone=\u00bb|||1px|false|false\u00bb custom_padding_last_edited=\u00bbon|tablet\u00bb global_colors_info=\u00bb{}\u00bb custom_padding__hover=\u00bb|||\u00bb][et_pb_team_member name=\u00bbMadeleine Lobo Viscarra\u00bb position=\u00bbAsociada\u00bb image_url=\u00bbhttps:\/\/mendozaymiranda.com\/wp-content\/uploads\/2025\/02\/dra.jpg\u00bb facebook_url=\u00bbhttps:\/\/www.facebook.com\/profile.php?id=61573044041591&#038;rdid=M2xIw9neEMnKhTbm&#038;share_url=https%3A%2F%2Fwww.facebook.com%2Fshare%2F167C4ZtCt7%2F#\u00bb linkedin_url=\u00bbhttps:\/\/www.linkedin.com\/in\/madeleine-lobo-viscarra-b98237351\/\u00bb _builder_version=\u00bb4.27.4&#8243; link_option_url=\u00bbhttps:\/\/mendozaymiranda.com\/madeleine-lobo-viscarra\/\u00bb locked=\u00bboff\u00bb global_colors_info=\u00bb{}\u00bb][\/et_pb_team_member][\/et_pb_column][\/et_pb_row][et_pb_row column_structure=\u00bb1_2,1_2&#8243; admin_label=\u00bbTeam Area\u00bb _builder_version=\u00bb4.27.4&#8243; global_colors_info=\u00bb{}\u00bb][et_pb_column type=\u00bb1_2&#8243; _builder_version=\u00bb4.27.4&#8243; custom_padding=\u00bb|||139px|false|false\u00bb custom_padding_tablet=\u00bb|||139px|false|false\u00bb custom_padding_phone=\u00bb|||1px|false|false\u00bb custom_padding_last_edited=\u00bbon|phone\u00bb global_colors_info=\u00bb{}\u00bb custom_padding__hover=\u00bb|||\u00bb][et_pb_team_member name=\u00bbGustavo Palomeque Lazarte \u00bb position=\u00bbSocio Abogado\u00bb image_url=\u00bbhttps:\/\/mendozaymiranda.com\/wp-content\/uploads\/2023\/07\/2.jpg\u00bb linkedin_url=\u00bbhttps:\/\/www.linkedin.com\/in\/gus-p-40baa5266\/\u00bb icon_color=\u00bb#747d88&#8243; _builder_version=\u00bb4.27.4&#8243; header_font=\u00bbHelvetica|600|||||||\u00bb header_line_height=\u00bb1.5em\u00bb body_font=\u00bbHelvetica|600|||||||\u00bb body_text_align=\u00bbleft\u00bb animation_style=\u00bbfade\u00bb link_option_url=\u00bbhttps:\/\/mendozaymiranda.com\/gustavo-palomeque\/\u00bb locked=\u00bboff\u00bb global_colors_info=\u00bb{}\u00bb][\/et_pb_team_member][\/et_pb_column][et_pb_column type=\u00bb1_2&#8243; _builder_version=\u00bb4.27.4&#8243; custom_padding=\u00bb|||\u00bb custom_padding_tablet=\u00bb|||141px|false|false\u00bb custom_padding_phone=\u00bb|||1px|false|false\u00bb custom_padding_last_edited=\u00bbon|tablet\u00bb global_colors_info=\u00bb{}\u00bb custom_padding__hover=\u00bb|||\u00bb][et_pb_team_member name=\u00bbGustavo Ayala Aranibar \u00bb position=\u00bbAsociado\u00bb image_url=\u00bbhttps:\/\/mendozaymiranda.com\/wp-content\/uploads\/2023\/07\/1-1.jpg\u00bb icon_color=\u00bb#747d88&#8243; _builder_version=\u00bb4.27.4&#8243; header_font=\u00bbHelvetica|600|||||||\u00bb header_line_height=\u00bb1.5em\u00bb body_font=\u00bbHelvetica|600|||||||\u00bb body_text_align=\u00bbleft\u00bb animation_style=\u00bbfade\u00bb link_option_url=\u00bbhttps:\/\/mendozaymiranda.com\/gustavo-pablo-aranibar-ayala\/\u00bb hover_enabled=\u00bb0&#8243; global_colors_info=\u00bb{}\u00bb linkedin_url=\u00bbhttps:\/\/www.linkedin.com\/in\/gustavo-pablo-ayala-aranibar-b02120144\/\u00bb sticky_enabled=\u00bb0&#8243; facebook_url=\u00bbhttps:\/\/www.facebook.com\/gustavopablo.ayalaaranibar.5&#8243;][\/et_pb_team_member][\/et_pb_column][\/et_pb_row][et_pb_row _builder_version=\u00bb4.21.0&#8243; _module_preset=\u00bbdefault\u00bb global_colors_info=\u00bb{}\u00bb][et_pb_column type=\u00bb4_4&#8243; _builder_version=\u00bb4.21.0&#8243; _module_preset=\u00bbdefault\u00bb global_colors_info=\u00bb{}\u00bb][et_pb_text _builder_version=\u00bb4.21.0&#8243; _module_preset=\u00bbdefault\u00bb text_font=\u00bbBEBAS NEUE||||||||\u00bb text_text_color=\u00bb#1a213a\u00bb text_font_size=\u00bb59px\u00bb text_orientation=\u00bbcenter\u00bb text_font_size_tablet=\u00bb59px\u00bb text_font_size_phone=\u00bb42px\u00bb text_font_size_last_edited=\u00bbon|phone\u00bb text_line_height_tablet=\u00bb\u00bb text_line_height_phone=\u00bb1.2em\u00bb text_line_height_last_edited=\u00bbon|phone\u00bb global_colors_info=\u00bb{}\u00bb]<\/p>\n<p>Consultores externos<\/p>\n<p>[\/et_pb_text][\/et_pb_column][\/et_pb_row][et_pb_row column_structure=\u00bb1_2,1_2&#8243; _builder_version=\u00bb4.21.0&#8243; _module_preset=\u00bbdefault\u00bb width=\u00bb49%\u00bb width_tablet=\u00bb49%\u00bb width_phone=\u00bb100%\u00bb width_last_edited=\u00bbon|phone\u00bb custom_margin=\u00bb||||false|false\u00bb custom_margin_tablet=\u00bb|||255px|false|false\u00bb custom_margin_phone=\u00bb|||37px|false|false\u00bb custom_margin_last_edited=\u00bbon|desktop\u00bb global_colors_info=\u00bb{}\u00bb][et_pb_column type=\u00bb1_2&#8243; _builder_version=\u00bb4.21.0&#8243; _module_preset=\u00bbdefault\u00bb global_colors_info=\u00bb{}\u00bb][et_pb_team_member name=\u00bbHern\u00e1n Gonzales Daza \u00bb position=\u00bbConsultor Externo\u00bb image_url=\u00bbhttps:\/\/mendozaymiranda.com\/wp-content\/uploads\/2023\/07\/4.jpg\u00bb facebook_url=\u00bb#\u00bb twitter_url=\u00bb#\u00bb linkedin_url=\u00bb#\u00bb icon_color=\u00bb#747d88&#8243; disabled_on=\u00bbon|on|on\u00bb _builder_version=\u00bb4.21.0&#8243; header_font=\u00bbHelvetica|600|||||||\u00bb header_line_height=\u00bb1.5em\u00bb body_font=\u00bbHelvetica|600|||||||\u00bb body_text_align=\u00bbleft\u00bb animation_style=\u00bbfade\u00bb disabled=\u00bbon\u00bb locked=\u00bboff\u00bb global_colors_info=\u00bb{}\u00bb][\/et_pb_team_member][\/et_pb_column][et_pb_column type=\u00bb1_2&#8243; _builder_version=\u00bb4.21.0&#8243; _module_preset=\u00bbdefault\u00bb global_colors_info=\u00bb{}\u00bb][et_pb_team_member name=\u00bbMauricio Farf\u00e1n\u00bb position=\u00bbConsultor externo\u00bb image_url=\u00bbhttps:\/\/mendozaymiranda.com\/wp-content\/uploads\/2023\/07\/3.jpg\u00bb icon_color=\u00bb#747d88&#8243; _builder_version=\u00bb4.27.4&#8243; header_font=\u00bbHelvetica|600|||||||\u00bb header_line_height=\u00bb1.5em\u00bb body_font=\u00bbHelvetica|600|||||||\u00bb body_text_align=\u00bbleft\u00bb custom_margin=\u00bb|||-152px|false|false\u00bb custom_margin_tablet=\u00bb|||5px|false|false\u00bb custom_margin_phone=\u00bb|||10px|false|false\u00bb custom_margin_last_edited=\u00bbon|tablet\u00bb custom_padding=\u00bb||||false|false\u00bb animation_style=\u00bbfade\u00bb locked=\u00bboff\u00bb global_colors_info=\u00bb{}\u00bb][\/et_pb_team_member][\/et_pb_column][\/et_pb_row][et_pb_row column_structure=\u00bb1_2,1_2&#8243; _builder_version=\u00bb4.21.0&#8243; _module_preset=\u00bbdefault\u00bb width=\u00bb49%\u00bb width_tablet=\u00bb49%\u00bb width_phone=\u00bb100%\u00bb width_last_edited=\u00bbon|phone\u00bb custom_margin=\u00bb||||false|false\u00bb custom_margin_tablet=\u00bb|||255px|false|false\u00bb custom_margin_phone=\u00bb|||37px|false|false\u00bb custom_margin_last_edited=\u00bbon|desktop\u00bb global_colors_info=\u00bb{}\u00bb][et_pb_column type=\u00bb1_2&#8243; _builder_version=\u00bb4.21.0&#8243; _module_preset=\u00bbdefault\u00bb global_colors_info=\u00bb{}\u00bb][et_pb_team_member name=\u00bbHern\u00e1n Gonzales Daza \u00bb position=\u00bbConsultor Externo\u00bb image_url=\u00bbhttps:\/\/mendozaymiranda.com\/wp-content\/uploads\/2023\/07\/4.jpg\u00bb facebook_url=\u00bb#\u00bb twitter_url=\u00bb#\u00bb linkedin_url=\u00bb#\u00bb icon_color=\u00bb#747d88&#8243; disabled_on=\u00bbon|on|on\u00bb _builder_version=\u00bb4.21.0&#8243; header_font=\u00bbHelvetica|600|||||||\u00bb header_line_height=\u00bb1.5em\u00bb body_font=\u00bbHelvetica|600|||||||\u00bb body_text_align=\u00bbleft\u00bb animation_style=\u00bbfade\u00bb disabled=\u00bbon\u00bb locked=\u00bboff\u00bb global_colors_info=\u00bb{}\u00bb][\/et_pb_team_member][\/et_pb_column][et_pb_column type=\u00bb1_2&#8243; _builder_version=\u00bb4.21.0&#8243; _module_preset=\u00bbdefault\u00bb global_colors_info=\u00bb{}\u00bb][et_pb_team_member name=\u00bbMario Galindo Soza PhD\u00bb position=\u00bbEconomista y polit\u00f3logo\u00bb image_url=\u00bbhttps:\/\/mendozaymiranda.com\/wp-content\/uploads\/2025\/05\/dr-galindo.jpg\u00bb facebook_url=\u00bbhttps:\/\/www.facebook.com\/profile.php?id=61566895477009&#038;rdid=Wt5Uv8Ce0thDHCkf&#038;share_url=https%3A%2F%2Fwww.facebook.com%2Fshare%2F1BnasnQKDr%2F#\u00bb linkedin_url=\u00bbhttps:\/\/www.linkedin.com\/in\/mario-galindo-42b94527\/\u00bb icon_color=\u00bb#747d88&#8243; _builder_version=\u00bb4.27.4&#8243; header_font=\u00bbHelvetica|600|||||||\u00bb header_line_height=\u00bb1.5em\u00bb body_font=\u00bbHelvetica|600|||||||\u00bb body_text_align=\u00bbleft\u00bb custom_margin=\u00bb|||-152px|false|false\u00bb custom_margin_tablet=\u00bb|||5px|false|false\u00bb custom_margin_phone=\u00bb|||10px|false|false\u00bb custom_margin_last_edited=\u00bbon|tablet\u00bb custom_padding=\u00bb||||false|false\u00bb animation_style=\u00bbfade\u00bb link_option_url=\u00bbhttps:\/\/mendozaymiranda.com\/mario-eduardo-galindo-soza\/\u00bb locked=\u00bboff\u00bb global_colors_info=\u00bb{}\u00bb][\/et_pb_team_member][\/et_pb_column][\/et_pb_row][\/et_pb_section]<\/p>\n","protected":false},"excerpt":{"rendered":"<p>Acerca de NosotrosEl Estudio Corporativo Mendoza &amp; Miranda, fundado el a\u00f1o 1935 por el Dr. Abigail Mendoza Valverde, reconocido jurisconsulto y ex Ministro de la Excelent\u00edsima Corte Suprema de Justicia de la Naci\u00f3n, ha mantenido su vocaci\u00f3n hacia el estudio, asesoramiento y gesti\u00f3n en el campo de las ciencias jur\u00eddicas. El Estudio proporciona servicios legales [&hellip;]<\/p>\n","protected":false},"author":1,"featured_media":0,"parent":0,"menu_order":0,"comment_status":"closed","ping_status":"closed","template":"","meta":{"_et_pb_use_builder":"on","_et_pb_old_content":"","_et_gb_content_width":"","footnotes":""},"class_list":["post-42","page","type-page","status-publish","hentry"],"_links":{"self":[{"href":"https:\/\/mendozaymiranda.com\/en\/wp-json\/wp\/v2\/pages\/42","targetHints":{"allow":["GET"]}}],"collection":[{"href":"https:\/\/mendozaymiranda.com\/en\/wp-json\/wp\/v2\/pages"}],"about":[{"href":"https:\/\/mendozaymiranda.com\/en\/wp-json\/wp\/v2\/types\/page"}],"author":[{"embeddable":true,"href":"https:\/\/mendozaymiranda.com\/en\/wp-json\/wp\/v2\/users\/1"}],"replies":[{"embeddable":true,"href":"https:\/\/mendozaymiranda.com\/en\/wp-json\/wp\/v2\/comments?post=42"}],"version-history":[{"count":61,"href":"https:\/\/mendozaymiranda.com\/en\/wp-json\/wp\/v2\/pages\/42\/revisions"}],"predecessor-version":[{"id":936,"href":"https:\/\/mendozaymiranda.com\/en\/wp-json\/wp\/v2\/pages\/42\/revisions\/936"}],"wp:attachment":[{"href":"https:\/\/mendozaymiranda.com\/en\/wp-json\/wp\/v2\/media?parent=42"}],"curies":[{"name":"wp","href":"https:\/\/api.w.org\/{rel}","templated":true}]}}