{"id":893,"date":"2025-05-20T20:04:23","date_gmt":"2025-05-20T20:04:23","guid":{"rendered":"https:\/\/mendozaymiranda.com\/?page_id=893"},"modified":"2025-06-06T20:42:33","modified_gmt":"2025-06-06T20:42:33","slug":"derecho-minero-y-corporate-compliance","status":"publish","type":"page","link":"https:\/\/mendozaymiranda.com\/en\/derecho-minero-y-corporate-compliance\/","title":{"rendered":"DERECHO MINERO Y CORPORATE COMPLIANCE"},"content":{"rendered":"<p>[et_pb_section fb_built=\u00bb1&#8243; admin_label=\u00bbPage Title Section\u00bb _builder_version=\u00bb4.27.4&#8243; use_background_color_gradient=\u00bbon\u00bb background_color_gradient_stops=\u00bb#313e47 0%|rgba(49,62,71,0.5) 100%\u00bb background_color_gradient_overlays_image=\u00bbon\u00bb background_color_gradient_start=\u00bb#313e47&#8243; background_color_gradient_end=\u00bbrgba(49,62,71,0.5)\u00bb background_image=\u00bbhttps:\/\/mendozaymiranda.com\/wp-content\/uploads\/2025\/06\/wall13.jpg\u00bb background_position=\u00bbbottom_center\u00bb custom_padding=\u00bb120px||120px|\u00bb global_colors_info=\u00bb{}\u00bb][et_pb_row admin_label=\u00bbPage Title Area\u00bb _builder_version=\u00bb4.16&#8243; background_size=\u00bbinitial\u00bb background_position=\u00bbtop_left\u00bb background_repeat=\u00bbrepeat\u00bb global_colors_info=\u00bb{}\u00bb][et_pb_column type=\u00bb4_4&#8243; _builder_version=\u00bb4.16&#8243; custom_padding=\u00bb|||\u00bb global_colors_info=\u00bb{}\u00bb custom_padding__hover=\u00bb|||\u00bb][et_pb_text admin_label=\u00bbPage Title\u00bb _builder_version=\u00bb4.27.4&#8243; text_font=\u00bbBEBAS NEUE|300|||||||\u00bb text_font_size=\u00bb56px\u00bb text_line_height=\u00bb2em\u00bb header_font=\u00bbPrata||||||||\u00bb header_font_size=\u00bb60px\u00bb header_line_height=\u00bb1.6em\u00bb header_2_font=\u00bb||||||||\u00bb text_orientation=\u00bbcenter\u00bb background_layout=\u00bbdark\u00bb max_width=\u00bb700px\u00bb module_alignment=\u00bbcenter\u00bb custom_margin=\u00bb||-95px||false|false\u00bb custom_padding=\u00bb||0px||false|false\u00bb custom_padding_tablet=\u00bb||0px||false|false\u00bb custom_padding_phone=\u00bb||28px||false|false\u00bb custom_padding_last_edited=\u00bbon|phone\u00bb animation_style=\u00bbfade\u00bb text_font_size_tablet=\u00bb56px\u00bb text_font_size_phone=\u00bb27px\u00bb text_font_size_last_edited=\u00bbon|desktop\u00bb header_font_size_tablet=\u00bb40px\u00bb header_font_size_phone=\u00bb\u00bb header_font_size_last_edited=\u00bbon|tablet\u00bb global_colors_info=\u00bb{}\u00bb]<\/p>\n<p>DERECHO MINERO Y CORPORATE COMPLIANCE<\/p>\n<p>&nbsp;<\/p>\n<p>[\/et_pb_text][et_pb_text _builder_version=\u00bb4.27.4&#8243; _module_preset=\u00bbdefault\u00bb text_text_color=\u00bb#FFFFFF\u00bb text_font_size=\u00bb17px\u00bb text_orientation=\u00bbcenter\u00bb global_colors_info=\u00bb{}\u00bb]<\/p>\n<p style=\"text-align: justify;\">Nuestra firma de abogados ofrece servicios especializados en Derecho Minero, brindando asesoramiento y representaci\u00f3n legal a empresas y particulares en todo lo relacionado con la exploraci\u00f3n, explotaci\u00f3n y comercializaci\u00f3n de recursos minerales.<\/p>\n<p>[\/et_pb_text][\/et_pb_column][\/et_pb_row][\/et_pb_section][et_pb_section fb_built=\u00bb1&#8243; admin_label=\u00bbWelcome Section\u00bb _builder_version=\u00bb4.21.0&#8243; background_color=\u00bb#e0dad2&#8243; custom_padding=\u00bb3px||0px|||\u00bb global_colors_info=\u00bb{}\u00bb][et_pb_row admin_label=\u00bbWelcome Area\u00bb _builder_version=\u00bb4.21.0&#8243; custom_padding=\u00bb0px|||||\u00bb global_colors_info=\u00bb{}\u00bb][et_pb_column type=\u00bb4_4&#8243; _builder_version=\u00bb4.16&#8243; custom_padding=\u00bb80px||80px|\u00bb global_colors_info=\u00bb{}\u00bb custom_padding__hover=\u00bb|||\u00bb][et_pb_text _builder_version=\u00bb4.27.4&#8243; _module_preset=\u00bbdefault\u00bb text_font=\u00bbHelvetica||||||||\u00bb text_font_size=\u00bb18px\u00bb animation_style=\u00bbfold\u00bb animation_direction=\u00bbleft\u00bb hover_enabled=\u00bb0&#8243; global_colors_info=\u00bb{}\u00bb sticky_enabled=\u00bb0&#8243;]<\/p>\n<p style=\"text-align: justify;\"><strong>Servicios:<\/strong><\/p>\n<ul>\n<li>Asesoramiento en la obtenci\u00f3n de concesiones mineras y permisos necesarios para la exploraci\u00f3n y explotaci\u00f3n de recursos minerales.<\/li>\n<li>Representaci\u00f3n legal en procesos de contrataci\u00f3n y negociaci\u00f3n de acuerdos mineros, incluyendo contratos de exploraci\u00f3n, explotaci\u00f3n y comercializaci\u00f3n.<\/li>\n<li>Asistencia en la resoluci\u00f3n de disputas y conflictos relacionados con la miner\u00eda, incluyendo arbitrajes y litigios ante tribunales nacionales e internacionales.<\/li>\n<li>An\u00e1lisis y asesoramiento en materia de cumplimiento normativo y regulatorio en el sector minero, incluyendo aspectos ambientales y de seguridad.<\/li>\n<li>Asesoramiento en la estructuraci\u00f3n de proyectos mineros y en la evaluaci\u00f3n de riesgos legales asociados.<\/li>\n<\/ul>\n<p style=\"text-align: justify;\"><strong><em>Corporate Compliance en Bolivia<\/em><\/strong><\/p>\n<p style=\"text-align: justify;\">Nuestra firma de abogados ofrece servicios especializados en Corporate Compliance enBolivia, ayudando a empresas a implementar y mantener programas efectivos de cumplimiento<br \/>normativo y \u00e9tico.<\/p>\n<p style=\"text-align: justify;\">Servicios:<\/p>\n<ul>\n<li style=\"text-align: justify;\">Dise\u00f1o e implementaci\u00f3n de programas de cumplimiento normativo y \u00e9tico adaptados a las<br \/>necesidades espec\u00edficas de cada empresa.<\/li>\n<li style=\"text-align: justify;\">Asesoramiento en la identificaci\u00f3n y mitigaci\u00f3n de riesgos de cumplimiento en \u00e1reas comoanticorrupci\u00f3n, lavado de dinero, financiamiento del terrorismo y protecci\u00f3n de datos<br \/>personales.<\/li>\n<li style=\"text-align: justify;\">Capacitaci\u00f3n y formaci\u00f3n para empleados y directivos en materia de cumplimiento normativo<br \/>y \u00e9tico.<\/li>\n<li style=\"text-align: justify;\">Auditor\u00edas y evaluaciones de cumplimiento para identificar \u00e1reas de mejora y asegurar el cumplimiento de las normativas aplicables.<\/li>\n<li style=\"text-align: justify;\">Asistencia en la elaboraci\u00f3n de pol\u00edticas y procedimientos internos para garantizar el cumplimiento de las normativas y regulaciones bolivianas.<\/li>\n<\/ul>\n<p>[\/et_pb_text][\/et_pb_column][\/et_pb_row][\/et_pb_section]<\/p>\n","protected":false},"excerpt":{"rendered":"<p>DERECHO MINERO Y CORPORATE COMPLIANCE &nbsp;Nuestra firma de abogados ofrece servicios especializados en Derecho Minero, brindando asesoramiento y representaci\u00f3n legal a empresas y particulares en todo lo relacionado con la exploraci\u00f3n, explotaci\u00f3n y comercializaci\u00f3n de recursos minerales.Servicios: Asesoramiento en la obtenci\u00f3n de concesiones mineras y permisos necesarios para la exploraci\u00f3n y explotaci\u00f3n de recursos minerales. [&hellip;]<\/p>\n","protected":false},"author":1,"featured_media":0,"parent":0,"menu_order":0,"comment_status":"closed","ping_status":"closed","template":"","meta":{"_et_pb_use_builder":"on","_et_pb_old_content":"<!-- wp:divi\/placeholder \/-->","_et_gb_content_width":"","footnotes":""},"class_list":["post-893","page","type-page","status-publish","hentry"],"_links":{"self":[{"href":"https:\/\/mendozaymiranda.com\/en\/wp-json\/wp\/v2\/pages\/893","targetHints":{"allow":["GET"]}}],"collection":[{"href":"https:\/\/mendozaymiranda.com\/en\/wp-json\/wp\/v2\/pages"}],"about":[{"href":"https:\/\/mendozaymiranda.com\/en\/wp-json\/wp\/v2\/types\/page"}],"author":[{"embeddable":true,"href":"https:\/\/mendozaymiranda.com\/en\/wp-json\/wp\/v2\/users\/1"}],"replies":[{"embeddable":true,"href":"https:\/\/mendozaymiranda.com\/en\/wp-json\/wp\/v2\/comments?post=893"}],"version-history":[{"count":5,"href":"https:\/\/mendozaymiranda.com\/en\/wp-json\/wp\/v2\/pages\/893\/revisions"}],"predecessor-version":[{"id":956,"href":"https:\/\/mendozaymiranda.com\/en\/wp-json\/wp\/v2\/pages\/893\/revisions\/956"}],"wp:attachment":[{"href":"https:\/\/mendozaymiranda.com\/en\/wp-json\/wp\/v2\/media?parent=893"}],"curies":[{"name":"wp","href":"https:\/\/api.w.org\/{rel}","templated":true}]}}